{"id":752,"date":"2025-12-04T15:03:32","date_gmt":"2025-12-04T15:03:32","guid":{"rendered":"https:\/\/palmerskis.com\/impressum\/"},"modified":"2025-12-05T14:28:54","modified_gmt":"2025-12-05T14:28:54","slug":"impressum","status":"publish","type":"page","link":"https:\/\/palmerskis.com\/en\/impressum\/","title":{"rendered":"Impressum"},"content":{"rendered":"<section class=\"l-section wpb_row height_large\"><div class=\"l-section-h i-cf\"><div class=\"g-cols vc_row via_grid cols_1 laptops-cols_inherit tablets-cols_inherit mobiles-cols_1 valign_top type_default stacking_default\"><div class=\"wpb_column vc_column_container\"><div class=\"vc_column-inner\"><h1 class=\"w-text us_custom_eb849559\"><span class=\"w-text-h\"><span class=\"w-text-value\">Impressum<\/span><\/span><\/h1><div class=\"w-separator size_medium\"><\/div><div class=\"wpb_text_column\"><div class=\"wpb_wrapper\"><p style=\"text-align: center;\"><strong>Kontaktadresse<\/strong><\/p>\n<p style=\"text-align: center;\">Shaun Palmer Ltd.<\/p>\n<p style=\"text-align: center;\">Seelmessgasse 1<\/p>\n<p style=\"text-align: center;\">8753 Mollis<\/p>\n<p style=\"text-align: center;\"><strong>F\u00fcr den Inhalt verantwortlich<\/strong><\/p>\n<p style=\"text-align: center;\">Shaun Palmer Ltd.<\/p>\n<p style=\"text-align: center;\">Seelmessgasse 1<\/p>\n<p style=\"text-align: center;\">8753 Mollis<\/p>\n<p style=\"text-align: center;\"><strong>Copyright \/ Urheberrecht<\/strong><\/p>\n<p style=\"text-align: center;\">Der gesamte Inhalt der Website palmerskis.com ist urheberrechtlich gesch\u00fctzt. Die Urheberrechte kommen dabei Shaun Palmer Ltd. zu. Die Elemente auf der Website sind nur f\u00fcr Browsingzwecke frei zug\u00e4nglich. Jede Art der Verbreitung, Vervielf\u00e4ltigung, Bearbeitung und Verwertung des gegenst\u00e4ndlichen Materials (auch Teile daraus) ausserhalb der Grenzen des Urheberrechts bedarf der vorherigen schriftlichen Zustimmung des Urhebers. Die Verbreitung und Vervielf\u00e4ltigung des gegenst\u00e4ndlichen Materials (auch Teile daraus) in gedruckter oder elektronischer Form innerhalb der Grenzen des Urheberrechts sind nur mit ausdr\u00fccklicher namentlicher Nennung des Urhebers gestattet.<\/p>\n<p style=\"text-align: center;\">Durch das Herunterladen oder Kopieren von Inhalten, Bildern, Fotos oder anderen Dateien werden keinerlei Rechte bez\u00fcglich der Inhalte \u00fcbertragen. Die verwendeten Namen und Logos sind eingetragene und daher gesch\u00fctzte Marken, weshalb kein Recht zur Nutzung der Bilder, Namen und Logos besteht. Shaun Palmer Ltd. beh\u00e4lt sich s\u00e4mtliche Rechte hinsichtlich des gesamten Inhaltes der Website \u2013 ausgenommen davon sind Rechte Dritter \u2013 vor.<\/p>\n<p style=\"text-align: center;\">&nbsp;<\/p>\n<\/div><\/div><\/div><\/div><\/div><\/div><\/section>\n","protected":false},"excerpt":{"rendered":"Impressum Kontaktadresse Shaun Palmer Ltd. Seelmessgasse 1 8753 Mollis F\u00fcr den Inhalt verantwortlich Shaun Palmer Ltd. Seelmessgasse 1 8753 Mollis Copyright \/ Urheberrecht Der gesamte Inhalt der Website palmerskis.com ist urheberrechtlich gesch\u00fctzt. Die Urheberrechte kommen dabei Shaun Palmer Ltd. zu. Die Elemente auf der Website sind nur f\u00fcr Browsingzwecke frei zug\u00e4nglich. Jede Art der Verbreitung,...","protected":false},"author":2,"featured_media":0,"parent":0,"menu_order":0,"comment_status":"closed","ping_status":"closed","template":"","meta":{"footnotes":""},"class_list":["post-752","page","type-page","status-publish","hentry"],"_links":{"self":[{"href":"https:\/\/palmerskis.com\/en\/wp-json\/wp\/v2\/pages\/752","targetHints":{"allow":["GET"]}}],"collection":[{"href":"https:\/\/palmerskis.com\/en\/wp-json\/wp\/v2\/pages"}],"about":[{"href":"https:\/\/palmerskis.com\/en\/wp-json\/wp\/v2\/types\/page"}],"author":[{"embeddable":true,"href":"https:\/\/palmerskis.com\/en\/wp-json\/wp\/v2\/users\/2"}],"replies":[{"embeddable":true,"href":"https:\/\/palmerskis.com\/en\/wp-json\/wp\/v2\/comments?post=752"}],"version-history":[{"count":1,"href":"https:\/\/palmerskis.com\/en\/wp-json\/wp\/v2\/pages\/752\/revisions"}],"predecessor-version":[{"id":753,"href":"https:\/\/palmerskis.com\/en\/wp-json\/wp\/v2\/pages\/752\/revisions\/753"}],"wp:attachment":[{"href":"https:\/\/palmerskis.com\/en\/wp-json\/wp\/v2\/media?parent=752"}],"curies":[{"name":"wp","href":"https:\/\/api.w.org\/{rel}","templated":true}]}}